{"id":623,"date":"2024-08-16T17:03:06","date_gmt":"2024-08-16T20:03:06","guid":{"rendered":"https:\/\/southgenetics.com\/?page_id=623"},"modified":"2025-04-03T10:13:01","modified_gmt":"2025-04-03T13:13:01","slug":"endocrinologia","status":"publish","type":"page","link":"https:\/\/southgenetics.com\/en\/endocrinologia\/","title":{"rendered":"Endocrinology"},"content":{"rendered":"\t\t<div data-elementor-type=\"wp-page\" data-elementor-id=\"623\" class=\"elementor elementor-623\" data-elementor-post-type=\"page\">\n\t\t\t\t<div class=\"elementor-element elementor-element-7ea51809 e-flex e-con-boxed e-con e-parent\" data-id=\"7ea51809\" data-element_type=\"container\" data-e-type=\"container\" data-settings=\"{&quot;background_background&quot;:&quot;classic&quot;}\">\n\t\t\t\t\t<div class=\"e-con-inner\">\n\t\t\t\t<div class=\"elementor-element elementor-element-18e66cd9 elementor-widget elementor-widget-heading\" data-id=\"18e66cd9\" data-element_type=\"widget\" data-e-type=\"widget\" data-widget_type=\"heading.default\">\n\t\t\t\t<div class=\"elementor-widget-container\">\n\t\t\t\t\t<h2 class=\"elementor-heading-title elementor-size-default\">Endocrinolog\u00eda<\/h2>\t\t\t\t<\/div>\n\t\t\t\t<\/div>\n\t\t\t\t<div class=\"elementor-element elementor-element-2a0dc1a7 elementor-widget elementor-widget-text-editor\" data-id=\"2a0dc1a7\" data-element_type=\"widget\" data-e-type=\"widget\" data-widget_type=\"text-editor.default\">\n\t\t\t\t<div class=\"elementor-widget-container\">\n\t\t\t\t\t\t\t\t\t<p>Detalles sobre nuestros test<\/p>\t\t\t\t\t\t\t\t<\/div>\n\t\t\t\t<\/div>\n\t\t\t\t\t<\/div>\n\t\t\t\t<\/div>\n\t\t<div class=\"elementor-element elementor-element-6290fa78 e-flex e-con-boxed e-con e-parent\" data-id=\"6290fa78\" data-element_type=\"container\" data-e-type=\"container\">\n\t\t\t\t\t<div class=\"e-con-inner\">\n\t\t\t\t<div class=\"elementor-element elementor-element-263c3110 elementor-widget elementor-widget-breadcrumbs\" data-id=\"263c3110\" data-element_type=\"widget\" data-e-type=\"widget\" data-widget_type=\"breadcrumbs.default\">\n\t\t\t\t<div class=\"elementor-widget-container\">\n\t\t\t\t\t<nav id=\"breadcrumbs\"><span><span><a href=\"https:\/\/southgenetics.com\/\">Inicio<\/a><\/span><\/span><\/nav>\t\t\t\t<\/div>\n\t\t\t\t<\/div>\n\t\t\t\t\t<\/div>\n\t\t\t\t<\/div>\n\t\t<div class=\"elementor-element elementor-element-76c5abc3 e-flex e-con-boxed e-con e-parent\" data-id=\"76c5abc3\" data-element_type=\"container\" data-e-type=\"container\">\n\t\t\t\t\t<div class=\"e-con-inner\">\n\t\t<div class=\"elementor-element elementor-element-912de9f e-con-full test-menu e-flex e-con e-child\" data-id=\"912de9f\" data-element_type=\"container\" data-e-type=\"container\">\n\t\t\t\t<div class=\"elementor-element elementor-element-5b20732 elementor-widget elementor-widget-html\" data-id=\"5b20732\" data-element_type=\"widget\" data-e-type=\"widget\" data-widget_type=\"html.default\">\n\t\t\t\t<div class=\"elementor-widget-container\">\n\t\t\t\t\t<style>\r\n    \r\n    .test-menu button {\r\n        border: none;\r\n        padding: 0;\r\n    }\r\n    .test-menu button .elementor-button-content-wrapper {\r\n        gap: 14px;\r\n    }\r\n    .test-menu button {\r\n        font-family: \"Poppins\", Sans-serif;\r\n        font-size: 16px;\r\n        font-weight: 400;\r\n        line-height: 36px;\r\n        fill: #8acbe1;\r\n        color: #8acbe1;\r\n    }\r\n    .test-menu button:hover, .test-menu button:focus {\r\n        fill: #7a7a7a;\r\n        color: #7a7a7a;\r\n        background: none;\r\n    }\r\n<\/style>\r\n<script>\r\n\r\n    function myFunction(testName) {\r\n        var i;\r\n        var x = document.getElementsByClassName(\"test-content\");\r\n        for (i = 0; i < x.length; i++) {\r\n            x[i].style.display = \"none\";\r\n        }\r\n        document.getElementById(testName).style.display = \"flex\";\r\n    }\r\n\r\n<\/script>\r\n\t\t\t\t<\/div>\n\t\t\t\t<\/div>\n\t\t\t\t<div class=\"elementor-element elementor-element-7406ac9a elementor-widget elementor-widget-heading\" data-id=\"7406ac9a\" data-element_type=\"widget\" data-e-type=\"widget\" data-widget_type=\"heading.default\">\n\t\t\t\t<div class=\"elementor-widget-container\">\n\t\t\t\t\t<h2 class=\"elementor-heading-title elementor-size-default\">Test<\/h2>\t\t\t\t<\/div>\n\t\t\t\t<\/div>\n\t\t\t\t<div class=\"elementor-element elementor-element-6a424791 elementor-widget-divider--view-line elementor-widget elementor-widget-divider\" data-id=\"6a424791\" data-element_type=\"widget\" data-e-type=\"widget\" data-widget_type=\"divider.default\">\n\t\t\t\t<div class=\"elementor-widget-container\">\n\t\t\t\t\t\t\t<div class=\"elementor-divider\">\n\t\t\t<span class=\"elementor-divider-separator\">\n\t\t\t\t\t\t<\/span>\n\t\t<\/div>\n\t\t\t\t\t\t<\/div>\n\t\t\t\t<\/div>\n\t\t\t\t<div class=\"elementor-element elementor-element-28672bff elementor-widget elementor-widget-html\" data-id=\"28672bff\" data-element_type=\"widget\" data-e-type=\"widget\" data-widget_type=\"html.default\">\n\t\t\t\t<div class=\"elementor-widget-container\">\n\t\t\t\t\t<button onclick=\"myFunction('afirma')\"><span class=\"elementor-button-content-wrapper\"><span class=\"elementor-button-icon\"><svg aria-hidden=\"true\" class=\"e-font-icon-svg e-fas-arrow-right\" viewBox=\"0 0 448 512\" xmlns=\"http:\/\/www.w3.org\/2000\/svg\"><path d=\"M190.5 66.9l22.2-22.2c9.4-9.4 24.6-9.4 33.9 0L441 239c9.4 9.4 9.4 24.6 0 33.9L246.6 467.3c-9.4 9.4-24.6 9.4-33.9 0l-22.2-22.2c-9.5-9.5-9.3-25 .4-34.3L311.4 296H24c-13.3 0-24-10.7-24-24v-32c0-13.3 10.7-24 24-24h287.4L190.9 101.2c-9.8-9.3-10-24.8-.4-34.3z\"><\/path><\/svg>\t\t\t<\/span><span class=\"elementor-button-text\">Afirma (Xpression Atlas) - Veracyte<\/span><\/span><\/button>\t\t\t\t<\/div>\n\t\t\t\t<\/div>\n\t\t\t\t<div class=\"elementor-element elementor-element-3fd4562a elementor-widget-divider--view-line elementor-widget elementor-widget-divider\" data-id=\"3fd4562a\" data-element_type=\"widget\" data-e-type=\"widget\" data-widget_type=\"divider.default\">\n\t\t\t\t<div class=\"elementor-widget-container\">\n\t\t\t\t\t\t\t<div class=\"elementor-divider\">\n\t\t\t<span class=\"elementor-divider-separator\">\n\t\t\t\t\t\t<\/span>\n\t\t<\/div>\n\t\t\t\t\t\t<\/div>\n\t\t\t\t<\/div>\n\t\t\t\t<div class=\"elementor-element elementor-element-511bab2a elementor-widget elementor-widget-html\" data-id=\"511bab2a\" data-element_type=\"widget\" data-e-type=\"widget\" data-widget_type=\"html.default\">\n\t\t\t\t<div class=\"elementor-widget-container\">\n\t\t\t\t\t<button onclick=\"myFunction('mirthype-onkos')\"><span class=\"elementor-button-content-wrapper\"><span class=\"elementor-button-icon\"><svg aria-hidden=\"true\" class=\"e-font-icon-svg e-fas-arrow-right\" viewBox=\"0 0 448 512\" xmlns=\"http:\/\/www.w3.org\/2000\/svg\"><path d=\"M190.5 66.9l22.2-22.2c9.4-9.4 24.6-9.4 33.9 0L441 239c9.4 9.4 9.4 24.6 0 33.9L246.6 467.3c-9.4 9.4-24.6 9.4-33.9 0l-22.2-22.2c-9.5-9.5-9.3-25 .4-34.3L311.4 296H24c-13.3 0-24-10.7-24-24v-32c0-13.3 10.7-24 24-24h287.4L190.9 101.2c-9.8-9.3-10-24.8-.4-34.3z\"><\/path><\/svg>\t\t\t<\/span><span class=\"elementor-button-text\">mirTHYpe  - Onkos<\/span><\/span><\/button>\t\t\t\t<\/div>\n\t\t\t\t<\/div>\n\t\t\t\t<div class=\"elementor-element elementor-element-404e6680 elementor-widget-divider--view-line elementor-widget elementor-widget-divider\" data-id=\"404e6680\" data-element_type=\"widget\" data-e-type=\"widget\" data-widget_type=\"divider.default\">\n\t\t\t\t<div class=\"elementor-widget-container\">\n\t\t\t\t\t\t\t<div class=\"elementor-divider\">\n\t\t\t<span class=\"elementor-divider-separator\">\n\t\t\t\t\t\t<\/span>\n\t\t<\/div>\n\t\t\t\t\t\t<\/div>\n\t\t\t\t<\/div>\n\t\t\t\t<div class=\"elementor-element elementor-element-63ca863 elementor-widget elementor-widget-html\" data-id=\"63ca863\" data-element_type=\"widget\" data-e-type=\"widget\" data-widget_type=\"html.default\">\n\t\t\t\t<div class=\"elementor-widget-container\">\n\t\t\t\t\t<button onclick=\"myFunction('mirthype')\"><span class=\"elementor-button-content-wrapper\"><span class=\"elementor-button-icon\"><svg aria-hidden=\"true\" class=\"e-font-icon-svg e-fas-arrow-right\" viewBox=\"0 0 448 512\" xmlns=\"http:\/\/www.w3.org\/2000\/svg\"><path d=\"M190.5 66.9l22.2-22.2c9.4-9.4 24.6-9.4 33.9 0L441 239c9.4 9.4 9.4 24.6 0 33.9L246.6 467.3c-9.4 9.4-24.6 9.4-33.9 0l-22.2-22.2c-9.5-9.5-9.3-25 .4-34.3L311.4 296H24c-13.3 0-24-10.7-24-24v-32c0-13.3 10.7-24 24-24h287.4L190.9 101.2c-9.8-9.3-10-24.8-.4-34.3z\"><\/path><\/svg>\t\t\t<\/span><span class=\"elementor-button-text\">Noticias y Evidencia<\/span><\/span><\/button>\t\t\t\t<\/div>\n\t\t\t\t<\/div>\n\t\t\t\t<div class=\"elementor-element elementor-element-dfa740d elementor-widget-divider--view-line elementor-widget elementor-widget-divider\" data-id=\"dfa740d\" data-element_type=\"widget\" data-e-type=\"widget\" data-widget_type=\"divider.default\">\n\t\t\t\t<div class=\"elementor-widget-container\">\n\t\t\t\t\t\t\t<div class=\"elementor-divider\">\n\t\t\t<span class=\"elementor-divider-separator\">\n\t\t\t\t\t\t<\/span>\n\t\t<\/div>\n\t\t\t\t\t\t<\/div>\n\t\t\t\t<\/div>\n\t\t\t\t<\/div>\n\t\t<div class=\"elementor-element elementor-element-b51757e e-con-full test-container e-flex e-con e-child\" data-id=\"b51757e\" data-element_type=\"container\" data-e-type=\"container\">\n\t\t<div class=\"elementor-element elementor-element-2e1c7efb e-con-full test-content e-flex e-con e-child\" data-id=\"2e1c7efb\" data-element_type=\"container\" data-e-type=\"container\" id=\"afirma\">\n\t\t\t\t<div class=\"elementor-element elementor-element-4d3cf893 elementor-widget elementor-widget-heading\" data-id=\"4d3cf893\" data-element_type=\"widget\" data-e-type=\"widget\" data-widget_type=\"heading.default\">\n\t\t\t\t<div class=\"elementor-widget-container\">\n\t\t\t\t\t<h2 class=\"elementor-heading-title elementor-size-default\">Afirma (Xpression Atlas) - Veracyte<\/h2>\t\t\t\t<\/div>\n\t\t\t\t<\/div>\n\t\t\t\t<div class=\"elementor-element elementor-element-6a5b758 elementor-widget elementor-widget-button\" data-id=\"6a5b758\" data-element_type=\"widget\" data-e-type=\"widget\" data-widget_type=\"button.default\">\n\t\t\t\t<div class=\"elementor-widget-container\">\n\t\t\t\t\t\t\t\t\t<div class=\"elementor-button-wrapper\">\n\t\t\t\t\t<a class=\"elementor-button elementor-button-link elementor-size-sm\" href=\"https:\/\/www.veracyte.com\/afirma\/\" target=\"_blank\">\n\t\t\t\t\t\t<span class=\"elementor-button-content-wrapper\">\n\t\t\t\t\t\t\t\t\t<span class=\"elementor-button-text\">Por m\u00e1s informaci\u00f3n realice clic aqu\u00ed<\/span>\n\t\t\t\t\t<\/span>\n\t\t\t\t\t<\/a>\n\t\t\t\t<\/div>\n\t\t\t\t\t\t\t\t<\/div>\n\t\t\t\t<\/div>\n\t\t\t\t<\/div>\n\t\t<div class=\"elementor-element elementor-element-498a2967 e-con-full test-content e-flex e-con e-child\" data-id=\"498a2967\" data-element_type=\"container\" data-e-type=\"container\" id=\"mirthype-onkos\" style=\"display:none\">\n\t\t\t\t<div class=\"elementor-element elementor-element-57603dd elementor-widget elementor-widget-button\" data-id=\"57603dd\" data-element_type=\"widget\" data-e-type=\"widget\" data-widget_type=\"button.default\">\n\t\t\t\t<div class=\"elementor-widget-container\">\n\t\t\t\t\t\t\t\t\t<div class=\"elementor-button-wrapper\">\n\t\t\t\t\t<a class=\"elementor-button elementor-button-link elementor-size-sm\" href=\"https:\/\/www.onkos.com.br\/es\/mir-thype-3\/\" target=\"_blank\">\n\t\t\t\t\t\t<span class=\"elementor-button-content-wrapper\">\n\t\t\t\t\t\t\t\t\t<span class=\"elementor-button-text\">Por m\u00e1s informaci\u00f3n realice clic aqu\u00ed<\/span>\n\t\t\t\t\t<\/span>\n\t\t\t\t\t<\/a>\n\t\t\t\t<\/div>\n\t\t\t\t\t\t\t\t<\/div>\n\t\t\t\t<\/div>\n\t\t\t\t<\/div>\n\t\t<div class=\"elementor-element elementor-element-765ca0a e-con-full test-content e-flex e-con e-child\" data-id=\"765ca0a\" data-element_type=\"container\" data-e-type=\"container\" id=\"mirthype\" style=\"display:none\">\n\t\t\t\t<div class=\"elementor-element elementor-element-83b430c elementor-widget elementor-widget-heading\" data-id=\"83b430c\" data-element_type=\"widget\" data-e-type=\"widget\" data-widget_type=\"heading.default\">\n\t\t\t\t<div class=\"elementor-widget-container\">\n\t\t\t\t\t<h2 class=\"elementor-heading-title elementor-size-default\">mirTHYpe<\/h2>\t\t\t\t<\/div>\n\t\t\t\t<\/div>\n\t\t\t\t<div class=\"elementor-element elementor-element-583fdeb elementor-widget elementor-widget-html\" data-id=\"583fdeb\" data-element_type=\"widget\" data-e-type=\"widget\" data-widget_type=\"html.default\">\n\t\t\t\t<div class=\"elementor-widget-container\">\n\t\t\t\t\t<iframe width=\"100%\" height=\"415\" src=\"https:\/\/www.youtube.com\/embed\/C6_wqQulJus?si=b1cunrAI6bZkXoY9\" title=\"YouTube video player\" frameborder=\"0\" allow=\"accelerometer; autoplay; clipboard-write; encrypted-media; gyroscope; picture-in-picture; web-share\" referrerpolicy=\"strict-origin-when-cross-origin\" allowfullscreen><\/iframe>\t\t\t\t<\/div>\n\t\t\t\t<\/div>\n\t\t\t\t<\/div>\n\t\t\t\t<\/div>\n\t\t\t\t\t<\/div>\n\t\t\t\t<\/div>\n\t\t\t\t<\/div>\n\t\t","protected":false},"excerpt":{"rendered":"<p>Endocrinolog\u00eda Detalles sobre nuestros test Test Afirma (Xpression Atlas) &#8211; Veracyte mirTHYpe &#8211; Onkos Noticias y Evidencia Afirma (Xpression Atlas) &#8211; Veracyte Por m\u00e1s informaci\u00f3n realice clic aqu\u00ed Por m\u00e1s informaci\u00f3n realice clic aqu\u00ed mirTHYpe<\/p>","protected":false},"author":1,"featured_media":0,"parent":0,"menu_order":0,"comment_status":"closed","ping_status":"closed","template":"","meta":{"footnotes":""},"class_list":["post-623","page","type-page","status-publish","hentry"],"yoast_head":"<!-- This site is optimized with the Yoast SEO plugin v27.5 - https:\/\/yoast.com\/product\/yoast-seo-wordpress\/ -->\n<title>Endocrinolog\u00eda - Southgenetics<\/title>\n<meta name=\"robots\" content=\"index, follow, max-snippet:-1, max-image-preview:large, max-video-preview:-1\" \/>\n<link rel=\"canonical\" href=\"https:\/\/southgenetics.com\/en\/endocrinologia\/\" \/>\n<meta property=\"og:locale\" content=\"en_US\" \/>\n<meta property=\"og:type\" content=\"article\" \/>\n<meta property=\"og:title\" content=\"Endocrinolog\u00eda - Southgenetics\" \/>\n<meta property=\"og:description\" content=\"Endocrinolog\u00eda Detalles sobre nuestros test Test Afirma (Xpression Atlas) &#8211; Veracyte mirTHYpe &#8211; Onkos Noticias y Evidencia Afirma (Xpression Atlas) &#8211; Veracyte Por m\u00e1s informaci\u00f3n realice clic aqu\u00ed Por m\u00e1s informaci\u00f3n realice clic aqu\u00ed mirTHYpe\" \/>\n<meta property=\"og:url\" content=\"https:\/\/southgenetics.com\/en\/endocrinologia\/\" \/>\n<meta property=\"og:site_name\" content=\"Southgenetics\" \/>\n<meta property=\"article:modified_time\" content=\"2025-04-03T13:13:01+00:00\" \/>\n<meta name=\"twitter:card\" content=\"summary_large_image\" \/>\n<meta name=\"twitter:label1\" content=\"Est. reading time\" \/>\n\t<meta name=\"twitter:data1\" content=\"1 minute\" \/>\n<script type=\"application\/ld+json\" class=\"yoast-schema-graph\">{\"@context\":\"https:\\\/\\\/schema.org\",\"@graph\":[{\"@type\":\"WebPage\",\"@id\":\"https:\\\/\\\/southgenetics.com\\\/endocrinologia\\\/\",\"url\":\"https:\\\/\\\/southgenetics.com\\\/endocrinologia\\\/\",\"name\":\"Endocrinolog\u00eda - Southgenetics\",\"isPartOf\":{\"@id\":\"https:\\\/\\\/southgenetics.com\\\/#website\"},\"datePublished\":\"2024-08-16T20:03:06+00:00\",\"dateModified\":\"2025-04-03T13:13:01+00:00\",\"breadcrumb\":{\"@id\":\"https:\\\/\\\/southgenetics.com\\\/endocrinologia\\\/#breadcrumb\"},\"inLanguage\":\"en-US\",\"potentialAction\":[{\"@type\":\"ReadAction\",\"target\":[\"https:\\\/\\\/southgenetics.com\\\/endocrinologia\\\/\"]}]},{\"@type\":\"BreadcrumbList\",\"@id\":\"https:\\\/\\\/southgenetics.com\\\/endocrinologia\\\/#breadcrumb\",\"itemListElement\":[{\"@type\":\"ListItem\",\"position\":1,\"name\":\"Inicio\",\"item\":\"https:\\\/\\\/southgenetics.com\\\/\"},{\"@type\":\"ListItem\",\"position\":2,\"name\":\"Endocrinolog\u00eda\"}]},{\"@type\":\"WebSite\",\"@id\":\"https:\\\/\\\/southgenetics.com\\\/#website\",\"url\":\"https:\\\/\\\/southgenetics.com\\\/\",\"name\":\"Southgenetics\",\"description\":\"Accede a las Pruebas Diagn\u00f3sticas M\u00e1s Avanzadas del Mundo\",\"publisher\":{\"@id\":\"https:\\\/\\\/southgenetics.com\\\/#organization\"},\"potentialAction\":[{\"@type\":\"SearchAction\",\"target\":{\"@type\":\"EntryPoint\",\"urlTemplate\":\"https:\\\/\\\/southgenetics.com\\\/?s={search_term_string}\"},\"query-input\":{\"@type\":\"PropertyValueSpecification\",\"valueRequired\":true,\"valueName\":\"search_term_string\"}}],\"inLanguage\":\"en-US\"},{\"@type\":\"Organization\",\"@id\":\"https:\\\/\\\/southgenetics.com\\\/#organization\",\"name\":\"Southgenetics\",\"url\":\"https:\\\/\\\/southgenetics.com\\\/\",\"logo\":{\"@type\":\"ImageObject\",\"inLanguage\":\"en-US\",\"@id\":\"https:\\\/\\\/southgenetics.com\\\/#\\\/schema\\\/logo\\\/image\\\/\",\"url\":\"https:\\\/\\\/southgenetics.com\\\/wp-content\\\/uploads\\\/2024\\\/07\\\/logo-web-SG.svg\",\"contentUrl\":\"https:\\\/\\\/southgenetics.com\\\/wp-content\\\/uploads\\\/2024\\\/07\\\/logo-web-SG.svg\",\"width\":992,\"height\":283,\"caption\":\"Southgenetics\"},\"image\":{\"@id\":\"https:\\\/\\\/southgenetics.com\\\/#\\\/schema\\\/logo\\\/image\\\/\"}}]}<\/script>\n<!-- \/ Yoast SEO plugin. -->","yoast_head_json":{"title":"Endocrinolog\u00eda - Southgenetics","robots":{"index":"index","follow":"follow","max-snippet":"max-snippet:-1","max-image-preview":"max-image-preview:large","max-video-preview":"max-video-preview:-1"},"canonical":"https:\/\/southgenetics.com\/en\/endocrinologia\/","og_locale":"en_US","og_type":"article","og_title":"Endocrinolog\u00eda - Southgenetics","og_description":"Endocrinolog\u00eda Detalles sobre nuestros test Test Afirma (Xpression Atlas) &#8211; Veracyte mirTHYpe &#8211; Onkos Noticias y Evidencia Afirma (Xpression Atlas) &#8211; Veracyte Por m\u00e1s informaci\u00f3n realice clic aqu\u00ed Por m\u00e1s informaci\u00f3n realice clic aqu\u00ed mirTHYpe","og_url":"https:\/\/southgenetics.com\/en\/endocrinologia\/","og_site_name":"Southgenetics","article_modified_time":"2025-04-03T13:13:01+00:00","twitter_card":"summary_large_image","twitter_misc":{"Est. reading time":"1 minute"},"schema":{"@context":"https:\/\/schema.org","@graph":[{"@type":"WebPage","@id":"https:\/\/southgenetics.com\/endocrinologia\/","url":"https:\/\/southgenetics.com\/endocrinologia\/","name":"Endocrinolog\u00eda - Southgenetics","isPartOf":{"@id":"https:\/\/southgenetics.com\/#website"},"datePublished":"2024-08-16T20:03:06+00:00","dateModified":"2025-04-03T13:13:01+00:00","breadcrumb":{"@id":"https:\/\/southgenetics.com\/endocrinologia\/#breadcrumb"},"inLanguage":"en-US","potentialAction":[{"@type":"ReadAction","target":["https:\/\/southgenetics.com\/endocrinologia\/"]}]},{"@type":"BreadcrumbList","@id":"https:\/\/southgenetics.com\/endocrinologia\/#breadcrumb","itemListElement":[{"@type":"ListItem","position":1,"name":"Inicio","item":"https:\/\/southgenetics.com\/"},{"@type":"ListItem","position":2,"name":"Endocrinolog\u00eda"}]},{"@type":"WebSite","@id":"https:\/\/southgenetics.com\/#website","url":"https:\/\/southgenetics.com\/","name":"Southgenetics","description":"Access the World&#039;s Most Advanced Diagnostic Tests","publisher":{"@id":"https:\/\/southgenetics.com\/#organization"},"potentialAction":[{"@type":"SearchAction","target":{"@type":"EntryPoint","urlTemplate":"https:\/\/southgenetics.com\/?s={search_term_string}"},"query-input":{"@type":"PropertyValueSpecification","valueRequired":true,"valueName":"search_term_string"}}],"inLanguage":"en-US"},{"@type":"Organization","@id":"https:\/\/southgenetics.com\/#organization","name":"Southgenetics","url":"https:\/\/southgenetics.com\/","logo":{"@type":"ImageObject","inLanguage":"en-US","@id":"https:\/\/southgenetics.com\/#\/schema\/logo\/image\/","url":"https:\/\/southgenetics.com\/wp-content\/uploads\/2024\/07\/logo-web-SG.svg","contentUrl":"https:\/\/southgenetics.com\/wp-content\/uploads\/2024\/07\/logo-web-SG.svg","width":992,"height":283,"caption":"Southgenetics"},"image":{"@id":"https:\/\/southgenetics.com\/#\/schema\/logo\/image\/"}}]}},"_links":{"self":[{"href":"https:\/\/southgenetics.com\/en\/wp-json\/wp\/v2\/pages\/623","targetHints":{"allow":["GET"]}}],"collection":[{"href":"https:\/\/southgenetics.com\/en\/wp-json\/wp\/v2\/pages"}],"about":[{"href":"https:\/\/southgenetics.com\/en\/wp-json\/wp\/v2\/types\/page"}],"author":[{"embeddable":true,"href":"https:\/\/southgenetics.com\/en\/wp-json\/wp\/v2\/users\/1"}],"replies":[{"embeddable":true,"href":"https:\/\/southgenetics.com\/en\/wp-json\/wp\/v2\/comments?post=623"}],"version-history":[{"count":13,"href":"https:\/\/southgenetics.com\/en\/wp-json\/wp\/v2\/pages\/623\/revisions"}],"predecessor-version":[{"id":719,"href":"https:\/\/southgenetics.com\/en\/wp-json\/wp\/v2\/pages\/623\/revisions\/719"}],"wp:attachment":[{"href":"https:\/\/southgenetics.com\/en\/wp-json\/wp\/v2\/media?parent=623"}],"curies":[{"name":"wp","href":"https:\/\/api.w.org\/{rel}","templated":true}]}}